{"id":81467,"date":"2017-08-30T10:12:28","date_gmt":"2017-08-30T08:12:28","guid":{"rendered":"https:\/\/woodwork.ch.cicero.ch-meta.net\/prestations\/lohnverleimen\/"},"modified":"2025-12-24T16:50:57","modified_gmt":"2025-12-24T15:50:57","slug":"collage-a-facon","status":"publish","type":"page","link":"https:\/\/woodwork.ch\/fr\/services\/collage-a-facon\/","title":{"rendered":"Collage \u00e0 fa\u00e7on"},"content":{"rendered":"[vc_row type=\u00a0\u00bbfull_width_background\u00a0\u00bb bg_color=\u00a0\u00bb#a29e9c\u00a0\u00bb scene_position=\u00a0\u00bbcenter\u00a0\u00bb text_color=\u00a0\u00bblight\u00a0\u00bb text_align=\u00a0\u00bbleft\u00a0\u00bb top_padding=\u00a0\u00bb8&Prime; bottom_padding=\u00a0\u00bb12&Prime; overlay_strength=\u00a0\u00bb0.3&Prime;][vc_column column_padding=\u00a0\u00bbno-extra-padding\u00a0\u00bb column_padding_position=\u00a0\u00bball\u00a0\u00bb background_color_opacity=\u00a0\u00bb1&Prime; background_hover_color_opacity=\u00a0\u00bb1&Prime; width=\u00a0\u00bb1\/1&Prime;][vc_column_text]\n<h1>Collage \u00e0 fa\u00e7on<\/h1>\n[\/vc_column_text][\/vc_column][\/vc_row][vc_row type=\u00a0\u00bbin_container\u00a0\u00bb scene_position=\u00a0\u00bbcenter\u00a0\u00bb text_color=\u00a0\u00bbdark\u00a0\u00bb text_align=\u00a0\u00bbleft\u00a0\u00bb overlay_strength=\u00a0\u00bb0.3&Prime;][vc_column column_padding=\u00a0\u00bbno-extra-padding\u00a0\u00bb column_padding_position=\u00a0\u00bball\u00a0\u00bb background_color_opacity=\u00a0\u00bb1&Prime; background_hover_color_opacity=\u00a0\u00bb1&Prime; width=\u00a0\u00bb1\/1&Prime;][divider line_type=\u00a0\u00bbNo Line\u00a0\u00bb custom_height=\u00a0\u00bb50&Prime;][\/vc_column][\/vc_row][vc_row type=\u00a0\u00bbin_container\u00a0\u00bb scene_position=\u00a0\u00bbcenter\u00a0\u00bb text_color=\u00a0\u00bbdark\u00a0\u00bb text_align=\u00a0\u00bbleft\u00a0\u00bb overlay_strength=\u00a0\u00bb0.3&Prime;][vc_column column_padding=\u00a0\u00bbno-extra-padding\u00a0\u00bb column_padding_position=\u00a0\u00bball\u00a0\u00bb background_color_opacity=\u00a0\u00bb1&Prime; background_hover_color_opacity=\u00a0\u00bb1&Prime; width=\u00a0\u00bb1\/1&Prime;][vc_column_text el_class=\u00a0\u00bbpz-white-bg\u00a0\u00bb]\n<h2>Des solutions optimales pour la production de vos panneaux<\/h2>\n<h3>Nous vous assistons avec plaisir pour coller des baguettes carr\u00e9es et des lamelles \u00e0 des panneaux en bois massif haut de gamme ou de grandes coupes de bois transversales. Nous utilisons principalement des colles D4 ainsi que des liants \u00e9quivalant \u00e0 un collage PU. Notre presse \u00e0 haute fr\u00e9quence garantit un collage des panneaux efficace et haut de gamme.<\/h3>\n<p>L\u2019application m\u00e9canis\u00e9e de la colle ainsi que des processus de presse intelligents permettent de fabriquer des panneaux avec pratiquement aucun d\u00e9passement de colle, ce qui influence la qualit\u00e9 et la valeur du produit final. Le faible d\u00e9calage lors du collage permet d\u2019\u00e9conomiser du mat\u00e9riau. Un usinage rapide et \u00e9conomique est ainsi garanti.[\/vc_column_text][\/vc_column][\/vc_row][vc_row type=\u00a0\u00bbin_container\u00a0\u00bb scene_position=\u00a0\u00bbcenter\u00a0\u00bb text_color=\u00a0\u00bbdark\u00a0\u00bb text_align=\u00a0\u00bbleft\u00a0\u00bb overlay_strength=\u00a0\u00bb0.3&Prime;][vc_column column_padding=\u00a0\u00bbno-extra-padding\u00a0\u00bb column_padding_position=\u00a0\u00bball\u00a0\u00bb background_color_opacity=\u00a0\u00bb1&Prime; background_hover_color_opacity=\u00a0\u00bb1&Prime; width=\u00a0\u00bb1\/2&Prime;][image_with_animation image_url=\u00a0\u00bb59009&Prime; alignment=\u00a0\u00bb\u00a0\u00bb animation=\u00a0\u00bbFade In\u00a0\u00bb][\/vc_column][vc_column column_padding=\u00a0\u00bbno-extra-padding\u00a0\u00bb column_padding_position=\u00a0\u00bball\u00a0\u00bb background_color_opacity=\u00a0\u00bb1&Prime; background_hover_color_opacity=\u00a0\u00bb1&Prime; width=\u00a0\u00bb1\/2&Prime;][vc_column_text el_class=\u00a0\u00bbpz-white-bg\u00a0\u00bb]\n<h4>Vos avantages<\/h4>\n<ul>\n<li>Fabrication rapide (jusqu\u2019\u00e0 300 m2 par jour)<\/li>\n<li>Co\u00fbts des mat\u00e9riaux r\u00e9duits<\/li>\n<li>Joints solides sur le long terme<\/li>\n<li>Collage selon vos dimensions<\/li>\n<li>Traitement ult\u00e9rieur minime<\/li>\n<li>Possibilit\u00e9 d\u2019usinage sans frais de transport<\/li>\n<\/ul>\n<p>Format maximal possible pour le collage : 5000 \u00d7 1250 \u00d7 80 mm (largeur des lamelles apr\u00e8s concertation)<\/p>\n<h4>Produits typiques<\/h4>\n<ul>\n<li>Panneaux en bois massif\n<ul>\n<li>Tables<\/li>\n<li>Panneaux de meuble<\/li>\n<li>Marches d\u2019escalier<\/li>\n<li>Huisseries et rebords de fen\u00eatre<\/li>\n<li>Couvercles<\/li>\n<li>Mains courantes et balustrades<\/li>\n<\/ul>\n<\/li>\n<li>\u00c9largissements de cadre<\/li>\n<li>Carrelets en bois avec des largeurs sp\u00e9ciales<\/li>\n<li>Lattis (coll\u00e9s = droits)<\/li>\n<\/ul>\n<p>Nous r\u00e9alisons aussi volontiers d\u2019autres usinages des pi\u00e8ces que nous avons coll\u00e9es pour vous.<br \/>\nCes derni\u00e8res peuvent faire l\u2019objet d\u2019une d\u00e9coupe, d\u2019un formatage, d\u2019une coupe \u00e0 la longueur voulue, d\u2019un pon\u00e7age et aussi d\u2019un vernissage.[\/vc_column_text][\/vc_column][\/vc_row][vc_row type=\u00a0\u00bbin_container\u00a0\u00bb scene_position=\u00a0\u00bbcenter\u00a0\u00bb text_color=\u00a0\u00bbdark\u00a0\u00bb text_align=\u00a0\u00bbleft\u00a0\u00bb overlay_strength=\u00a0\u00bb0.3&Prime;][vc_column column_padding=\u00a0\u00bbno-extra-padding\u00a0\u00bb column_padding_position=\u00a0\u00bball\u00a0\u00bb background_color_opacity=\u00a0\u00bb1&Prime; background_hover_color_opacity=\u00a0\u00bb1&Prime; width=\u00a0\u00bb1\/1&Prime;][divider line_type=\u00a0\u00bbNo Line\u00a0\u00bb custom_height=\u00a0\u00bb50&Prime;][\/vc_column][\/vc_row]\n","protected":false},"excerpt":{"rendered":"<p>[vc_row type=\u00a0\u00bbfull_width_background\u00a0\u00bb bg_color=\u00a0\u00bb#a29e9c\u00a0\u00bb scene_position=\u00a0\u00bbcenter\u00a0\u00bb text_color=\u00a0\u00bblight\u00a0\u00bb text_align=\u00a0\u00bbleft\u00a0\u00bb top_padding=\u00a0\u00bb8&Prime; bottom_padding=\u00a0\u00bb12&Prime; overlay_strength=\u00a0\u00bb0.3&Prime;][vc_column column_padding=\u00a0\u00bbno-extra-padding\u00a0\u00bb column_padding_position=\u00a0\u00bball\u00a0\u00bb background_color_opacity=\u00a0\u00bb1&Prime; background_hover_color_opacity=\u00a0\u00bb1&Prime; width=\u00a0\u00bb1\/1&Prime;][vc_column_text] Collage \u00e0 fa\u00e7on [\/vc_column_text][\/vc_column][\/vc_row][vc_row type=\u00a0\u00bbin_container\u00a0\u00bb scene_position=\u00a0\u00bbcenter\u00a0\u00bb text_color=\u00a0\u00bbdark\u00a0\u00bb text_align=\u00a0\u00bbleft\u00a0\u00bb overlay_strength=\u00a0\u00bb0.3&Prime;][vc_column column_padding=\u00a0\u00bbno-extra-padding\u00a0\u00bb column_padding_position=\u00a0\u00bball\u00a0\u00bb background_color_opacity=\u00a0\u00bb1&Prime; background_hover_color_opacity=\u00a0\u00bb1&Prime; width=\u00a0\u00bb1\/1&Prime;][divider line_type=\u00a0\u00bbNo Line\u00a0\u00bb&#8230;<\/p>\n","protected":false},"author":1,"featured_media":0,"parent":81458,"menu_order":0,"comment_status":"closed","ping_status":"closed","template":"","meta":{"footnotes":""},"class_list":["post-81467","page","type-page","status-publish"],"_links":{"self":[{"href":"https:\/\/woodwork.ch\/fr\/wp-json\/wp\/v2\/pages\/81467","targetHints":{"allow":["GET"]}}],"collection":[{"href":"https:\/\/woodwork.ch\/fr\/wp-json\/wp\/v2\/pages"}],"about":[{"href":"https:\/\/woodwork.ch\/fr\/wp-json\/wp\/v2\/types\/page"}],"author":[{"embeddable":true,"href":"https:\/\/woodwork.ch\/fr\/wp-json\/wp\/v2\/users\/1"}],"replies":[{"embeddable":true,"href":"https:\/\/woodwork.ch\/fr\/wp-json\/wp\/v2\/comments?post=81467"}],"version-history":[{"count":1,"href":"https:\/\/woodwork.ch\/fr\/wp-json\/wp\/v2\/pages\/81467\/revisions"}],"predecessor-version":[{"id":87427,"href":"https:\/\/woodwork.ch\/fr\/wp-json\/wp\/v2\/pages\/81467\/revisions\/87427"}],"up":[{"embeddable":true,"href":"https:\/\/woodwork.ch\/fr\/wp-json\/wp\/v2\/pages\/81458"}],"wp:attachment":[{"href":"https:\/\/woodwork.ch\/fr\/wp-json\/wp\/v2\/media?parent=81467"}],"curies":[{"name":"wp","href":"https:\/\/api.w.org\/{rel}","templated":true}]}}