{"id":81463,"date":"2017-08-30T10:13:46","date_gmt":"2017-08-30T08:13:46","guid":{"rendered":"https:\/\/woodwork.ch.cicero.ch-meta.net\/prestations\/lohnbuersten\/"},"modified":"2025-12-24T16:50:43","modified_gmt":"2025-12-24T15:50:43","slug":"brossage-a-facon","status":"publish","type":"page","link":"https:\/\/woodwork.ch\/fr\/services\/brossage-a-facon\/","title":{"rendered":"Brossage \u00e0 fa\u00e7on"},"content":{"rendered":"[vc_row type=\u00a0\u00bbfull_width_background\u00a0\u00bb bg_color=\u00a0\u00bb#a29e9c\u00a0\u00bb scene_position=\u00a0\u00bbcenter\u00a0\u00bb text_color=\u00a0\u00bblight\u00a0\u00bb text_align=\u00a0\u00bbleft\u00a0\u00bb top_padding=\u00a0\u00bb8&Prime; bottom_padding=\u00a0\u00bb12&Prime; overlay_strength=\u00a0\u00bb0.3&Prime;][vc_column column_padding=\u00a0\u00bbno-extra-padding\u00a0\u00bb column_padding_position=\u00a0\u00bball\u00a0\u00bb background_color_opacity=\u00a0\u00bb1&Prime; background_hover_color_opacity=\u00a0\u00bb1&Prime; width=\u00a0\u00bb1\/1&Prime;][vc_column_text]\n<h1>Brossage \u00e0 fa\u00e7on<\/h1>\n[\/vc_column_text][\/vc_column][\/vc_row][vc_row type=\u00a0\u00bbin_container\u00a0\u00bb scene_position=\u00a0\u00bbcenter\u00a0\u00bb text_color=\u00a0\u00bbdark\u00a0\u00bb text_align=\u00a0\u00bbleft\u00a0\u00bb class=\u00a0\u00bbpz-white-bg\u00a0\u00bb overlay_strength=\u00a0\u00bb0.3&Prime;][vc_column column_padding=\u00a0\u00bbno-extra-padding\u00a0\u00bb column_padding_position=\u00a0\u00bball\u00a0\u00bb background_color_opacity=\u00a0\u00bb1&Prime; background_hover_color_opacity=\u00a0\u00bb1&Prime; width=\u00a0\u00bb1\/1&Prime;][divider line_type=\u00a0\u00bbNo Line\u00a0\u00bb custom_height=\u00a0\u00bb50&Prime;][\/vc_column][\/vc_row][vc_row type=\u00a0\u00bbin_container\u00a0\u00bb scene_position=\u00a0\u00bbcenter\u00a0\u00bb text_color=\u00a0\u00bbdark\u00a0\u00bb text_align=\u00a0\u00bbleft\u00a0\u00bb class=\u00a0\u00bbpz-white-bg\u00a0\u00bb overlay_strength=\u00a0\u00bb0.3&Prime;][vc_column column_padding=\u00a0\u00bbno-extra-padding\u00a0\u00bb column_padding_position=\u00a0\u00bball\u00a0\u00bb background_color_opacity=\u00a0\u00bb1&Prime; background_hover_color_opacity=\u00a0\u00bb1&Prime; width=\u00a0\u00bb1\/1&Prime;][vc_column_text]\n<h2>Brossage de surfaces<\/h2>\n<h3>Le brossage du bois met particuli\u00e8rement en valeur son caract\u00e8re unique. Les caract\u00e9ristiques d\u2019un cerne d\u00e9pendent des conditions de croissance. Un bois qui grandit rapidement durant des ann\u00e9es propices sera diff\u00e9rent d\u2019un bois qui a d\u00fb grandir avec difficult\u00e9. Les bandes de bois de printemps sont en g\u00e9n\u00e9ral plus tendres, \u00e9paisses et claires, alors que les bandes de bois d\u2019\u00e9t\u00e9 sont plus dures, fines et fonc\u00e9es.<\/h3>\n<p>La technique d\u2019affinage de la brosse tire parti de ces diff\u00e9rences. Les fibres tendres sont \u00e9limin\u00e9es avec pr\u00e9caution lors du traitement, alors que les fibres dures sont conserv\u00e9es. Cela conf\u00e8re non seulement une apparence fascinante \u00e0 la surface, mais cette derni\u00e8re est \u00e9galement plus r\u00e9sistante qu\u2019une surface faite en bois non bross\u00e9. Voil\u00e0 pourquoi les bois bross\u00e9s repr\u00e9sentent une possibilit\u00e9 attrayante, en particulier pour les planchers. La polyvalence n\u2019est cependant soumise \u00e0 aucune limite dans l\u2019utilisation\u00a0: le bois bross\u00e9 permet ainsi de r\u00e9aliser des plafonds, des murs et portes, des marches ou encore des meubles.<\/p>\n<p>&nbsp;[\/vc_column_text][\/vc_column][\/vc_row][vc_row type=\u00a0\u00bbin_container\u00a0\u00bb scene_position=\u00a0\u00bbcenter\u00a0\u00bb text_color=\u00a0\u00bbdark\u00a0\u00bb text_align=\u00a0\u00bbleft\u00a0\u00bb class=\u00a0\u00bbpz-white-bg\u00a0\u00bb overlay_strength=\u00a0\u00bb0.3&Prime;][vc_column column_padding=\u00a0\u00bbno-extra-padding\u00a0\u00bb column_padding_position=\u00a0\u00bball\u00a0\u00bb background_color_opacity=\u00a0\u00bb1&Prime; background_hover_color_opacity=\u00a0\u00bb1&Prime; width=\u00a0\u00bb1\/2&Prime;][image_with_animation image_url=\u00a0\u00bb59010&Prime; alignment=\u00a0\u00bb\u00a0\u00bb animation=\u00a0\u00bbFade In\u00a0\u00bb][\/vc_column][vc_column column_padding=\u00a0\u00bbno-extra-padding\u00a0\u00bb column_padding_position=\u00a0\u00bball\u00a0\u00bb background_color_opacity=\u00a0\u00bb1&Prime; background_hover_color_opacity=\u00a0\u00bb1&Prime; width=\u00a0\u00bb1\/2&Prime;][vc_column_text]\n<h4>Fabrication personnalis\u00e9e<\/h4>\n<ul>\n<li>Nos bois massifs sont bross\u00e9s de mani\u00e8re personnalis\u00e9e pour vous. Nous brossons \u00e9galement volontiers vos bois \u00e0 fa\u00e7on.<\/li>\n<li>Nous disposons de quatre installations diff\u00e9rentes pour le brossage (\u00e9troit dans la longueur, large dans la longueur, transversal et rotatif).<\/li>\n<li>Notre machine nous permet de brosser dans la longueur une pi\u00e8ce aux dimensions maximales de 6000 mm (longueur), 1200 mm (largeur) et 80 mm (\u00e9paisseur). Il est \u00e9galement possible de brosser transversalement une pi\u00e8ce avec une largeur maximale de 600 mm et une longueur maximale de 10 000 mm.<\/li>\n<li>Les bois tendres conviennent le mieux pour le brossage et produisent des effets de profondeur \u00e9tonnants.<\/li>\n<li>Nous pouvons r\u00e9aliser l\u2019usinage rapide de petites et grandes quantit\u00e9s \u00e0 tout moment apr\u00e8s concertation.<\/li>\n<li>Vous aimeriez obtenir le traitement de surface adapt\u00e9 en plus ? Nous nous ferons un plaisir de le r\u00e9aliser.<\/li>\n<\/ul>\n[\/vc_column_text][\/vc_column][\/vc_row][vc_row type=\u00a0\u00bbin_container\u00a0\u00bb scene_position=\u00a0\u00bbcenter\u00a0\u00bb text_color=\u00a0\u00bbdark\u00a0\u00bb text_align=\u00a0\u00bbleft\u00a0\u00bb overlay_strength=\u00a0\u00bb0.3&Prime;][vc_column column_padding=\u00a0\u00bbno-extra-padding\u00a0\u00bb column_padding_position=\u00a0\u00bball\u00a0\u00bb background_color_opacity=\u00a0\u00bb1&Prime; background_hover_color_opacity=\u00a0\u00bb1&Prime; width=\u00a0\u00bb1\/1&Prime;][divider line_type=\u00a0\u00bbNo Line\u00a0\u00bb custom_height=\u00a0\u00bb50&Prime;][\/vc_column][\/vc_row]\n","protected":false},"excerpt":{"rendered":"<p>[vc_row type=\u00a0\u00bbfull_width_background\u00a0\u00bb bg_color=\u00a0\u00bb#a29e9c\u00a0\u00bb scene_position=\u00a0\u00bbcenter\u00a0\u00bb text_color=\u00a0\u00bblight\u00a0\u00bb text_align=\u00a0\u00bbleft\u00a0\u00bb top_padding=\u00a0\u00bb8&Prime; bottom_padding=\u00a0\u00bb12&Prime; overlay_strength=\u00a0\u00bb0.3&Prime;][vc_column column_padding=\u00a0\u00bbno-extra-padding\u00a0\u00bb column_padding_position=\u00a0\u00bball\u00a0\u00bb background_color_opacity=\u00a0\u00bb1&Prime; background_hover_color_opacity=\u00a0\u00bb1&Prime; width=\u00a0\u00bb1\/1&Prime;][vc_column_text] Brossage \u00e0 fa\u00e7on [\/vc_column_text][\/vc_column][\/vc_row][vc_row type=\u00a0\u00bbin_container\u00a0\u00bb scene_position=\u00a0\u00bbcenter\u00a0\u00bb text_color=\u00a0\u00bbdark\u00a0\u00bb text_align=\u00a0\u00bbleft\u00a0\u00bb class=\u00a0\u00bbpz-white-bg\u00a0\u00bb overlay_strength=\u00a0\u00bb0.3&Prime;][vc_column column_padding=\u00a0\u00bbno-extra-padding\u00a0\u00bb column_padding_position=\u00a0\u00bball\u00a0\u00bb background_color_opacity=\u00a0\u00bb1&Prime; background_hover_color_opacity=\u00a0\u00bb1&Prime; width=\u00a0\u00bb1\/1&Prime;][divider line_type=\u00a0\u00bbNo&#8230;<\/p>\n","protected":false},"author":1,"featured_media":0,"parent":81458,"menu_order":0,"comment_status":"closed","ping_status":"closed","template":"","meta":{"footnotes":""},"class_list":["post-81463","page","type-page","status-publish"],"_links":{"self":[{"href":"https:\/\/woodwork.ch\/fr\/wp-json\/wp\/v2\/pages\/81463","targetHints":{"allow":["GET"]}}],"collection":[{"href":"https:\/\/woodwork.ch\/fr\/wp-json\/wp\/v2\/pages"}],"about":[{"href":"https:\/\/woodwork.ch\/fr\/wp-json\/wp\/v2\/types\/page"}],"author":[{"embeddable":true,"href":"https:\/\/woodwork.ch\/fr\/wp-json\/wp\/v2\/users\/1"}],"replies":[{"embeddable":true,"href":"https:\/\/woodwork.ch\/fr\/wp-json\/wp\/v2\/comments?post=81463"}],"version-history":[{"count":1,"href":"https:\/\/woodwork.ch\/fr\/wp-json\/wp\/v2\/pages\/81463\/revisions"}],"predecessor-version":[{"id":87426,"href":"https:\/\/woodwork.ch\/fr\/wp-json\/wp\/v2\/pages\/81463\/revisions\/87426"}],"up":[{"embeddable":true,"href":"https:\/\/woodwork.ch\/fr\/wp-json\/wp\/v2\/pages\/81458"}],"wp:attachment":[{"href":"https:\/\/woodwork.ch\/fr\/wp-json\/wp\/v2\/media?parent=81463"}],"curies":[{"name":"wp","href":"https:\/\/api.w.org\/{rel}","templated":true}]}}